{"id":19,"date":"2010-11-29T13:54:23","date_gmt":"2010-11-29T13:54:23","guid":{"rendered":"http:\/\/pk.social2business.com\/"},"modified":"2010-11-29T13:54:23","modified_gmt":"2010-11-29T13:54:23","slug":"waldorfpaedagogik-hintergrund","status":"publish","type":"page","link":"https:\/\/www.pagels-kindergarten.de\/?page_id=19","title":{"rendered":"waldorfpa\u0308dagogik \u2013 hintergrund"},"content":{"rendered":"<p>Die Waldorfp\u00e4dagogik ist untrennbar mit dem Namen \u201eRudolf Steiner\u201c (1861-1925) verkn\u00fcpft.<br \/>\nRudolf Steiner begr\u00fcndete die \u201eAnthroposophie\u201c und hielt unter verschiedenen Schwerpunkten anthroposophische Vortr\u00e4ge u. a. \u00fcber spirituelle, philosophische und erkenntnisorientierte Fragen. 1919 bat der Direktor der Zigarettenfabrik \u201eWaldorf-Astoria\u201c Rudorf Steiner, eine P\u00e4dagogik f\u00fcr seine Betriebsschule zu entwickeln. So entstanden die Waldorfp\u00e4dagogik und die erste Waldorfschule.<\/p>\n<p>Grundlage der P\u00e4dagogik Rudolf Steiners ist die Anthroposophie und das anthroposophische Menschenbild. Diese P\u00e4dagogik stellt zur Entwicklung und Erreichung des k\u00f6rperlichen, seelischen und geistigen Wohle jedes Kindes sehr hohe Anspr\u00fcche an ihre P\u00e4dagogen (Erzieher, Lehrer usw.), deren Ausbildung und st\u00e4ndige Weiterbildung.<\/p>\n<p>Von der Anthroposophie gehen soziale Bewegungen aus, die das besondere anthroposophische Menschenbild aufnehmen und entwickeln:<\/p>\n<ul>\n<li>In der P\u00e4dagogik und Heilp\u00e4dagogik sind das Waldorfschulen und Waldorfkinderg\u00e4rten<\/li>\n<li>In der Medizin gibt es anthroposophisch arbeitende \u00c4rzte, Krankenh\u00e4user usw. wie auch anthroposophische Heil- und Arzneimittel.<\/li>\n<li>In der Landwirtschaft ist die biologisch-dynamische Landwirtschaft inzwischen zu einem Begriff geworden (Demeter).<\/li>\n<li>Im wirtschaftlichen Bereich gibt es anthroposophisch orientierte Unternehmen und z.B. auch die GLS-Bank.<\/li>\n<li>In der Bewegungskunst kennen anthroposophisch Interessierte die Eurythmie und als Therapieform die Heileurythmie.<\/li>\n<li>Im Bereich der Religion gibt es die \u201eChristengemeinschaft\u201c.<\/li>\n<\/ul>\n","protected":false},"excerpt":{"rendered":"<p>Die Waldorfp\u00e4dagogik ist untrennbar mit dem Namen \u201eRudolf Steiner\u201c (1861-1925) verkn\u00fcpft. Rudolf Steiner begr\u00fcndete die \u201eAnthroposophie\u201c und hielt unter verschiedenen Schwerpunkten anthroposophische Vortr\u00e4ge u. a. \u00fcber spirituelle, philosophische und erkenntnisorientierte Fragen. 1919 bat der Direktor der Zigarettenfabrik \u201eWaldorf-Astoria\u201c Rudorf Steiner, &hellip; <a href=\"https:\/\/www.pagels-kindergarten.de\/?page_id=19\">Weiterlesen <span class=\"meta-nav\">&rarr;<\/span><\/a><\/p>\n","protected":false},"author":1,"featured_media":0,"parent":8,"menu_order":0,"comment_status":"closed","ping_status":"closed","template":"","meta":{"ngg_post_thumbnail":0,"footnotes":""},"class_list":["post-19","page","type-page","status-publish","hentry"],"_links":{"self":[{"href":"https:\/\/www.pagels-kindergarten.de\/index.php?rest_route=\/wp\/v2\/pages\/19","targetHints":{"allow":["GET"]}}],"collection":[{"href":"https:\/\/www.pagels-kindergarten.de\/index.php?rest_route=\/wp\/v2\/pages"}],"about":[{"href":"https:\/\/www.pagels-kindergarten.de\/index.php?rest_route=\/wp\/v2\/types\/page"}],"author":[{"embeddable":true,"href":"https:\/\/www.pagels-kindergarten.de\/index.php?rest_route=\/wp\/v2\/users\/1"}],"replies":[{"embeddable":true,"href":"https:\/\/www.pagels-kindergarten.de\/index.php?rest_route=%2Fwp%2Fv2%2Fcomments&post=19"}],"version-history":[{"count":0,"href":"https:\/\/www.pagels-kindergarten.de\/index.php?rest_route=\/wp\/v2\/pages\/19\/revisions"}],"up":[{"embeddable":true,"href":"https:\/\/www.pagels-kindergarten.de\/index.php?rest_route=\/wp\/v2\/pages\/8"}],"wp:attachment":[{"href":"https:\/\/www.pagels-kindergarten.de\/index.php?rest_route=%2Fwp%2Fv2%2Fmedia&parent=19"}],"curies":[{"name":"wp","href":"https:\/\/api.w.org\/{rel}","templated":true}]}}