{"id":27,"date":"2010-11-29T13:55:53","date_gmt":"2010-11-29T13:55:53","guid":{"rendered":"http:\/\/pk.social2business.com\/"},"modified":"2021-01-19T12:06:44","modified_gmt":"2021-01-19T11:06:44","slug":"spielkreis","status":"publish","type":"page","link":"https:\/\/www.pagels-kindergarten.de\/?page_id=27","title":{"rendered":"spielkreis"},"content":{"rendered":"<h2>Spielkreis<\/h2>\n<p>Unser Spielkreis mit 6 Kindern ist eine sehr gute M\u00f6glichkeit der Eingew\u00f6hnung und Vorbereitung f\u00fcr Kinder und Eltern auf die Kindergartenzeit in unserem oder in einem anderen Kindergarten.<\/p>\n<p>Der Spielkreis wird seit Februar 2009 von einer Waldorferzieherin mit staatlicher Anerkennung geleitet. Die Gruppe findet zweimal w\u00f6chentlich (dienstags und mittwochs) von 8.30 \u2013 11.30 Uhr f\u00fcr Kinder im Alter von ca. knapp 2 bis 3 \u00bd Jahren statt. Einigen Kindern f\u00e4llt es leicht, sofort ohne Eltern in der Gruppe zu sein, andere nutzen die M\u00f6glichkeit der sanften Eingew\u00f6hnung und werden anfangs noch von einem Elternteil begleitet. Es ist vorteilhaft, sich fr\u00fchzeitig anzumelden, da nur sechs Pl\u00e4tze zur Verf\u00fcgung stehen. Ein Spielkreisplatz garantiert aber noch keinen Kindergartenplatz im Pagels-Kindergarten, da nicht immer sechs freie Pl\u00e4tze pro Kindergartenjahr zur Verf\u00fcgung stehen k\u00f6nnen.<\/p>\n<p>Der Ablauf des Spielkreises:<br \/>\nMorgens beginnen wir mit einem Morgenkreis: Nach unsrem ritualisierten Begr\u00fc\u00dfungslied lernen die Kinder der Jahreszeit entsprechende Lieder und Fingerspiele. In der darauffolgenden Freispielzeit wird im Spielkreisraum gerutscht, gebaut, \u201egekocht\u201c\u2026 und mit der Erzieherin zusammen das gemeinsame Fr\u00fchst\u00fcck zubereitet. Nach dem Fr\u00fchst\u00fcck folgt eine Freispielzeit drau\u00dfen, im sch\u00f6nen Garten des Kindergartens. Zum Abschluss gibt es noch einen Stuhlkreis mit Liedern, Spielen und dem Abschlusslied.<\/p>\n","protected":false},"excerpt":{"rendered":"<p>Spielkreis Unser Spielkreis mit 6 Kindern ist eine sehr gute M\u00f6glichkeit der Eingew\u00f6hnung und Vorbereitung f\u00fcr Kinder und Eltern auf die Kindergartenzeit in unserem oder in einem anderen Kindergarten. Der Spielkreis wird seit Februar 2009 von einer Waldorferzieherin mit staatlicher &hellip; <a href=\"https:\/\/www.pagels-kindergarten.de\/?page_id=27\">Weiterlesen <span class=\"meta-nav\">&rarr;<\/span><\/a><\/p>\n","protected":false},"author":1,"featured_media":0,"parent":8,"menu_order":80,"comment_status":"closed","ping_status":"closed","template":"","meta":{"ngg_post_thumbnail":0,"footnotes":""},"class_list":["post-27","page","type-page","status-publish","hentry"],"_links":{"self":[{"href":"https:\/\/www.pagels-kindergarten.de\/index.php?rest_route=\/wp\/v2\/pages\/27","targetHints":{"allow":["GET"]}}],"collection":[{"href":"https:\/\/www.pagels-kindergarten.de\/index.php?rest_route=\/wp\/v2\/pages"}],"about":[{"href":"https:\/\/www.pagels-kindergarten.de\/index.php?rest_route=\/wp\/v2\/types\/page"}],"author":[{"embeddable":true,"href":"https:\/\/www.pagels-kindergarten.de\/index.php?rest_route=\/wp\/v2\/users\/1"}],"replies":[{"embeddable":true,"href":"https:\/\/www.pagels-kindergarten.de\/index.php?rest_route=%2Fwp%2Fv2%2Fcomments&post=27"}],"version-history":[{"count":3,"href":"https:\/\/www.pagels-kindergarten.de\/index.php?rest_route=\/wp\/v2\/pages\/27\/revisions"}],"predecessor-version":[{"id":387,"href":"https:\/\/www.pagels-kindergarten.de\/index.php?rest_route=\/wp\/v2\/pages\/27\/revisions\/387"}],"up":[{"embeddable":true,"href":"https:\/\/www.pagels-kindergarten.de\/index.php?rest_route=\/wp\/v2\/pages\/8"}],"wp:attachment":[{"href":"https:\/\/www.pagels-kindergarten.de\/index.php?rest_route=%2Fwp%2Fv2%2Fmedia&parent=27"}],"curies":[{"name":"wp","href":"https:\/\/api.w.org\/{rel}","templated":true}]}}