{"id":29,"date":"2010-11-29T13:56:18","date_gmt":"2010-11-29T13:56:18","guid":{"rendered":"http:\/\/pk.social2business.com\/"},"modified":"2021-01-19T12:11:01","modified_gmt":"2021-01-19T11:11:01","slug":"oeffnungszeiten-kosten","status":"publish","type":"page","link":"https:\/\/www.pagels-kindergarten.de\/?page_id=29","title":{"rendered":"\u00d6ffnungszeiten\/Kosten"},"content":{"rendered":"<h2>Unsere \u00d6ffnungszeiten<\/h2>\n<p>Kernzeit: 07.30 Uhr &#8211; 13.30 Uhr<\/p>\n<p>Spielkreis:&nbsp;&nbsp;&nbsp; 8.30 Uhr &#8211; 11.30 Uhr (Dienstag und Mittwoch)<br \/>\nEingew\u00f6hnungsgruppe: 8.30 Uhr &#8211; 11.30 Uhr (Donnerstag)<\/p>\n<h2>Kosten<\/h2>\n<p>In unserem Kindergarten gelten die gleichen Tarife und Erm\u00e4\u00dfigungen wie in den anderen st\u00e4dtischen Kinderg\u00e4rten. Ihren individuellen Beitrag inklusive Essensgeldpauschale und eventuellen Sonder\u00f6ffnungszeiten rechnen wir Ihnen auf Anfrage gerne aus.<\/p>\n","protected":false},"excerpt":{"rendered":"<p>Unsere \u00d6ffnungszeiten Kernzeit: 07.30 Uhr &#8211; 13.30 Uhr Spielkreis:&nbsp;&nbsp;&nbsp; 8.30 Uhr &#8211; 11.30 Uhr (Dienstag und Mittwoch) Eingew\u00f6hnungsgruppe: 8.30 Uhr &#8211; 11.30 Uhr (Donnerstag) Kosten In unserem Kindergarten gelten die gleichen Tarife und Erm\u00e4\u00dfigungen wie in den anderen st\u00e4dtischen Kinderg\u00e4rten. &hellip; <a href=\"https:\/\/www.pagels-kindergarten.de\/?page_id=29\">Weiterlesen <span class=\"meta-nav\">&rarr;<\/span><\/a><\/p>\n","protected":false},"author":1,"featured_media":0,"parent":8,"menu_order":100,"comment_status":"closed","ping_status":"closed","template":"","meta":{"ngg_post_thumbnail":0,"footnotes":""},"class_list":["post-29","page","type-page","status-publish","hentry"],"_links":{"self":[{"href":"https:\/\/www.pagels-kindergarten.de\/index.php?rest_route=\/wp\/v2\/pages\/29","targetHints":{"allow":["GET"]}}],"collection":[{"href":"https:\/\/www.pagels-kindergarten.de\/index.php?rest_route=\/wp\/v2\/pages"}],"about":[{"href":"https:\/\/www.pagels-kindergarten.de\/index.php?rest_route=\/wp\/v2\/types\/page"}],"author":[{"embeddable":true,"href":"https:\/\/www.pagels-kindergarten.de\/index.php?rest_route=\/wp\/v2\/users\/1"}],"replies":[{"embeddable":true,"href":"https:\/\/www.pagels-kindergarten.de\/index.php?rest_route=%2Fwp%2Fv2%2Fcomments&post=29"}],"version-history":[{"count":6,"href":"https:\/\/www.pagels-kindergarten.de\/index.php?rest_route=\/wp\/v2\/pages\/29\/revisions"}],"predecessor-version":[{"id":390,"href":"https:\/\/www.pagels-kindergarten.de\/index.php?rest_route=\/wp\/v2\/pages\/29\/revisions\/390"}],"up":[{"embeddable":true,"href":"https:\/\/www.pagels-kindergarten.de\/index.php?rest_route=\/wp\/v2\/pages\/8"}],"wp:attachment":[{"href":"https:\/\/www.pagels-kindergarten.de\/index.php?rest_route=%2Fwp%2Fv2%2Fmedia&parent=29"}],"curies":[{"name":"wp","href":"https:\/\/api.w.org\/{rel}","templated":true}]}}