{"id":31,"date":"2010-11-29T13:56:33","date_gmt":"2010-11-29T13:56:33","guid":{"rendered":"http:\/\/pk.social2business.com\/"},"modified":"2021-06-15T11:00:52","modified_gmt":"2021-06-15T09:00:52","slug":"impressum","status":"publish","type":"page","link":"https:\/\/www.pagels-kindergarten.de\/?page_id=31","title":{"rendered":"impressum"},"content":{"rendered":"<p>Pagels Kindergarten<\/p>\n<p>(Verein zur F\u00f6rderung der Waldorfp\u00e4dagogik Leer\/Ostfriesland e.V.)<br \/>\nDeichstra\u00dfe 2<\/p>\n<p>26789 Leer<\/p>\n<p>Tel.: 0491 \/ 99 22 143 \u2022&nbsp;Fax: 0491 \/ 45 44 205<\/p>\n<p><a href=\"mailto:mail@pagels-kindergarten.de\">mail@pagels-kindergarten.de<\/a><\/p>\n<address><strong>Rechtliche Hinweise<\/strong><\/address>\n<address>Vertretungsberechtigter Vereinsvorstand: Sabrina von Nuis, Elke M\u00f6ckel, J\u00f6rg Hemken<\/address>\n<address>Vereinsregister Aurich: VR 110725<\/address>\n<address>&nbsp;<\/address>\n<address><strong>Haftungsausschluss:<\/strong><\/address>\n<address>F\u00fcr etwaige Satzfehler sowie f\u00fcr die Richtigkeit der Eintragungen \u00fcbernimmt der Pagels-Kindergarten keine Gew\u00e4hr. F\u00fcr etwaige Sch\u00e4den, die sich aus der Verwendung der abgerufenen Informationen ergeben, wird keine Haftung \u00fcbernommen.<\/address>\n<address>&nbsp;<\/address>\n<address><strong>Bildnachweis:<\/strong><\/address>\n<address>Wir verwenden eigene Fotos und Bilder. Wir verwenden nur Fotos und Bilder von Personen, wenn eine eindeutige Einverst\u00e4ndniserkl\u00e4rung der jeweiligen Personen\/Erziehungsberechtigten vorliegt.<\/address>\n<address>&nbsp;<\/address>\n<address><strong>Datenschutz:<\/strong><\/address>\n<address>Bitte beachten Sie auch die Datenschutzerkl\u00e4rung und die darin enthaltenen Hinweise zur Datenverarbeitung und zur elektronischen Kommunikation.<\/address>\n<p style=\"text-align: right;\"><span style=\"color: #999999;\">Designed by: g.k.<\/span><\/p>\n","protected":false},"excerpt":{"rendered":"<p>Pagels Kindergarten (Verein zur F\u00f6rderung der Waldorfp\u00e4dagogik Leer\/Ostfriesland e.V.) Deichstra\u00dfe 2 26789 Leer Tel.: 0491 \/ 99 22 143 \u2022&nbsp;Fax: 0491 \/ 45 44 205 mail@pagels-kindergarten.de Rechtliche Hinweise Vertretungsberechtigter Vereinsvorstand: Sabrina von Nuis, Elke M\u00f6ckel, J\u00f6rg Hemken Vereinsregister Aurich: VR &hellip; <a href=\"https:\/\/www.pagels-kindergarten.de\/?page_id=31\">Weiterlesen <span class=\"meta-nav\">&rarr;<\/span><\/a><\/p>\n","protected":false},"author":1,"featured_media":0,"parent":0,"menu_order":0,"comment_status":"closed","ping_status":"closed","template":"","meta":{"ngg_post_thumbnail":0,"footnotes":""},"class_list":["post-31","page","type-page","status-publish","hentry"],"_links":{"self":[{"href":"https:\/\/www.pagels-kindergarten.de\/index.php?rest_route=\/wp\/v2\/pages\/31","targetHints":{"allow":["GET"]}}],"collection":[{"href":"https:\/\/www.pagels-kindergarten.de\/index.php?rest_route=\/wp\/v2\/pages"}],"about":[{"href":"https:\/\/www.pagels-kindergarten.de\/index.php?rest_route=\/wp\/v2\/types\/page"}],"author":[{"embeddable":true,"href":"https:\/\/www.pagels-kindergarten.de\/index.php?rest_route=\/wp\/v2\/users\/1"}],"replies":[{"embeddable":true,"href":"https:\/\/www.pagels-kindergarten.de\/index.php?rest_route=%2Fwp%2Fv2%2Fcomments&post=31"}],"version-history":[{"count":13,"href":"https:\/\/www.pagels-kindergarten.de\/index.php?rest_route=\/wp\/v2\/pages\/31\/revisions"}],"predecessor-version":[{"id":399,"href":"https:\/\/www.pagels-kindergarten.de\/index.php?rest_route=\/wp\/v2\/pages\/31\/revisions\/399"}],"wp:attachment":[{"href":"https:\/\/www.pagels-kindergarten.de\/index.php?rest_route=%2Fwp%2Fv2%2Fmedia&parent=31"}],"curies":[{"name":"wp","href":"https:\/\/api.w.org\/{rel}","templated":true}]}}