{"id":33,"date":"2010-11-29T13:56:42","date_gmt":"2010-11-29T13:56:42","guid":{"rendered":"http:\/\/pk.social2business.com\/"},"modified":"2018-05-25T21:18:39","modified_gmt":"2018-05-25T19:18:39","slug":"downloads","status":"publish","type":"page","link":"https:\/\/www.pagels-kindergarten.de\/?page_id=33","title":{"rendered":"datenschutzerkl\u00e4rung"},"content":{"rendered":"<p><strong>Datenschutzerkl\u00e4rung: <\/strong><\/p>\n<p>Pagels-Kindergarten<\/p>\n<p>(Verein zur F\u00f6rderung der Waldorfp\u00e4dagogik Leer\/Ostfriesland e.V.)<\/p>\n<p>Deichstra\u00dfe 2<\/p>\n<p>26789 Leer<\/p>\n<p>Tel.: 0491-9922143<\/p>\n<p>&nbsp;<\/p>\n<ol>\n<li style=\"text-align: left;\">Grundlegendes:<\/li>\n<\/ol>\n<p>Der Schutz personenbezogener Daten bei der Erhebung, Verarbeitung und Nutzung anl\u00e4sslich des Besuchs auf der Website des Pagels-Kindergartens ist uns ein wichtiges und ernstes Anliegen. Ihre Daten werden entsprechend im Rahmen der gesetzlichen Vorschriften vertraulich behandelt. Durch die st\u00e4ndige Weiterentwicklung der Technologien und Webseiten k\u00f6nnten \u00c4nderungen an dieser Datenschutzerkl\u00e4rung vorgenommen werden, deshalb empfehlen wir Ihnen sich die Datenschutzerkl\u00e4rung in regelm\u00e4\u00dfigen Abst\u00e4nden wieder durchzulesen. Nachfolgend finden Sie Informationen dar\u00fcber, welche Daten w\u00e4hrend Ihres Besuchs auf der Website erfasst und wie diese genutzt werden.<\/p>\n<p>2. Zugriffsdaten<\/p>\n<p>Wir, der Pagels-Kindergarten, betreiben die Website \u00fcber 1&amp;1 und erheben durch diesen Vertrag \u00fcber 1&amp;1 WebAnalytics Daten \u00fcber Zugriffe auf die Website und k\u00f6nnen diese anonymisiert von deren Server abrufen. Folgende Daten werden dort protokolliert: besuchte Website, Uhrzeit und Zeitpunkt des Zugriffs, Menge der gesendeten Daten in Byte, Quelle\/Verweis von welchem Sie auf die Seite gelangt sind, verwendeter Browser, verwendetes Betriebssystem, verwendete IP-Adresse. Ein Bezug auf die Person des Nutzers ist uns nicht m\u00f6glich. Die Protokolldaten sind maximal 2 Monate f\u00fcr uns abrufbar.<\/p>\n<p>3. Cookies<\/p>\n<p>Diese Website verwendet Cookies zur pseudonymisierten Reichweitenmessung \u00fcber 1&amp;1 (siehe oben). Bei Cookies handelt es sich um kleine Dateien, die lokal im Zwischenspeicher des Internetbrowser des Seitenbesuchers gespeichert werden. Die Cookies erm\u00f6glichen zum Beispiel die Wiedererkennung des Internetbrowsers. Die erhobenen Daten werden ohne die gesondert erteilte Zustimmung des Betroffenen nicht dazu genutzt, den Besucher dieser Website pers\u00f6nlich zu identifizieren und nicht mit personenbezogenen Daten \u00fcber den Tr\u00e4ger des Pseudonyms zusammengef\u00fchrt. Durch den Einsatz von Cookies sollen die Benutzerfreundlichkeit und die Sicherheit der Website erh\u00f6ht werden. Es gibt im Netz verschiedene Cookie-Deaktivierungsseiten, die sie ggf. nutzen k\u00f6nnen. G\u00e4ngige Browser bieten auch die Einstellungsoption Cookies nicht zuzulassen. Dabei ist nicht gew\u00e4hrleistet, dass Sie auf alle Funktionen dieser Website ohne Einschr\u00e4nkungen zugreifen k\u00f6nnen, wenn Sie entsprechende Einstellungen vornehmen.<\/p>\n<p>4. Umgang mit Kontaktdaten<\/p>\n<p>Wenn Sie mit uns als Websitebetreiber durch die angegebenen Kontaktm\u00f6glichkeiten Verbindung aufnehmen (Telefon, Fax, Email, Post), werden Ihre Angaben gespeichert, damit auf diese zur Bearbeitung und Beantwortung Ihrer Anfrage zur\u00fcckgegriffen werden kann. Ohne Ihre Einwilligung werden diese Daten nicht an Dritte weitergegeben. Da zur Zeit f\u00fcr Emails von uns keine Verschl\u00fcsselung angeboten werden kann, k\u00f6nnen alle Emails unter Umst\u00e4nden auch von Unbefugten gelesen werden. Daher sollten keine vertraulichen Mitteilungen auf diesem Wege \u00fcbermittelt werden.<\/p>\n<p>&nbsp;<\/p>\n<p>&nbsp;<\/p>\n","protected":false},"excerpt":{"rendered":"<p>Datenschutzerkl\u00e4rung: Pagels-Kindergarten (Verein zur F\u00f6rderung der Waldorfp\u00e4dagogik Leer\/Ostfriesland e.V.) Deichstra\u00dfe 2 26789 Leer Tel.: 0491-9922143 &nbsp; Grundlegendes: Der Schutz personenbezogener Daten bei der Erhebung, Verarbeitung und Nutzung anl\u00e4sslich des Besuchs auf der Website des Pagels-Kindergartens ist uns ein wichtiges und &hellip; <a href=\"https:\/\/www.pagels-kindergarten.de\/?page_id=33\">Weiterlesen <span class=\"meta-nav\">&rarr;<\/span><\/a><\/p>\n","protected":false},"author":1,"featured_media":0,"parent":0,"menu_order":0,"comment_status":"closed","ping_status":"closed","template":"","meta":{"ngg_post_thumbnail":0,"footnotes":""},"class_list":["post-33","page","type-page","status-publish","hentry"],"_links":{"self":[{"href":"https:\/\/www.pagels-kindergarten.de\/index.php?rest_route=\/wp\/v2\/pages\/33","targetHints":{"allow":["GET"]}}],"collection":[{"href":"https:\/\/www.pagels-kindergarten.de\/index.php?rest_route=\/wp\/v2\/pages"}],"about":[{"href":"https:\/\/www.pagels-kindergarten.de\/index.php?rest_route=\/wp\/v2\/types\/page"}],"author":[{"embeddable":true,"href":"https:\/\/www.pagels-kindergarten.de\/index.php?rest_route=\/wp\/v2\/users\/1"}],"replies":[{"embeddable":true,"href":"https:\/\/www.pagels-kindergarten.de\/index.php?rest_route=%2Fwp%2Fv2%2Fcomments&post=33"}],"version-history":[{"count":4,"href":"https:\/\/www.pagels-kindergarten.de\/index.php?rest_route=\/wp\/v2\/pages\/33\/revisions"}],"predecessor-version":[{"id":368,"href":"https:\/\/www.pagels-kindergarten.de\/index.php?rest_route=\/wp\/v2\/pages\/33\/revisions\/368"}],"wp:attachment":[{"href":"https:\/\/www.pagels-kindergarten.de\/index.php?rest_route=%2Fwp%2Fv2%2Fmedia&parent=33"}],"curies":[{"name":"wp","href":"https:\/\/api.w.org\/{rel}","templated":true}]}}