{"id":8,"date":"2010-11-29T13:51:10","date_gmt":"2010-11-29T13:51:10","guid":{"rendered":"http:\/\/pk.social2business.com\/?page_id=8"},"modified":"2014-11-04T14:09:39","modified_gmt":"2014-11-04T13:09:39","slug":"der-kindergarten","status":"publish","type":"page","link":"https:\/\/www.pagels-kindergarten.de\/?page_id=8","title":{"rendered":"der kindergarten"},"content":{"rendered":"<h2>Konzept<\/h2>\n<p><strong>Allgemeines zur p\u00e4dagogischen Orientierung, zu Ausrichtung und Grunds\u00e4tzen<\/strong><\/p>\n<p>Neben den allgemeinen Grundlagen und Orientierungshilfen, wie sie z.B. in der Rahmenkonzeption f\u00fcr die Kinderg\u00e4rten der Stadt Leer beschrieben sind, setzt unser Kindergarten f\u00fcr seine Arbeit folgende Schwerpunkte:<\/p>\n<p>Unser Kindergarten arbeitet nach der Waldorfp\u00e4dagogik Rudolf Steiners.<\/p>\n<p>An erster Stelle steht das Bem\u00fchen um eine m\u00f6glichst optimale, individuelle Entwicklung und F\u00f6rderung des einzelnen Kindes und seiner M\u00f6glichkeiten. Wir wollen unseren Beitrag leisten, den uns anvertrauten Kindern eine gute Grundlage f\u00fcr die gesunde Entwicklung ihrer k\u00f6rperlichen, seelischen und geistigen F\u00e4higkeiten zu geben, die es ihnen erm\u00f6glicht, ihre sp\u00e4teren Lebensaufgaben kraftvoll und selbstbewusst zu ergreifen und zu meistern.<\/p>\n<p>Die wichtigste Ausdrucks- und Lernform des Kindes ist das Spiel.<br \/>\nDas Kind &#8211; als Akteur seiner eigenen Entwicklung &#8211; lernt in t\u00e4tiger Auseinandersetzung mit Menschen, Gegenst\u00e4nden und Problemen seine Umwelt erkennen und ergreifen.<\/p>\n<p>Eine enge, partnerschaftliche und regelm\u00e4\u00dfige Zusammenarbeit mit den Eltern ist wichtiger Bestandteil unserer Arbeit. Zugleich werden die Eltern angeregt, sich nicht nur mit den unmittelbaren Erziehungsfragen zu besch\u00e4ftigen, sondern &#8211; im Rahmen des Tr\u00e4gervereins &#8211; initiativ an der Gestaltung und weiteren Entwicklung des Kindergartens mitzuwirken (siehe Schwerpunkt 3: Elternschaft).<\/p>\n<p>Zur Vertiefung und Entwicklung der p\u00e4dagogischen Arbeit ist die Fortbildung der Erzieher\/innen erforderlich. In Regional- und Teilregionalstagungen der Waldorfkinderg\u00e4rten sowie regionalen Waldorferzieher\/innentreffen werden M\u00f6glichkeiten gegeben, sich mit aktuellen p\u00e4dagogischen Themen und Problemstellungen auseinanderzusetzten. <\/p>\n<p>Eine besondere Aufgabe sieht unsere Einrichtung in der \u00d6ffnung hin zum Gemeinwesen. In der Zusammenarbeit mit Erzieher\/innen aus anderen Kinderg\u00e4rten sowohl im Rahmen der \u00f6rtlichen Fachtagungen als auch in der Zusammenarbeit mit medizinisch-p\u00e4dagogischen  und therapeutischen Einrichtungen und Vereinen.<\/p>\n<p>Der Kindergarten befindet sich auf dem ehemaligen G\u00e4rtnereigel\u00e4nde des weltbekannten Staudenz\u00fcchters Ernst Pagels. Er setzte sich f\u00fcr Waldorfp\u00e4dagogik in Leer und Ostfriesland ein und w\u00fcnschte sich, sein Erbe der Waldorfp\u00e4dagogik zu \u00fcberantworten. Deshalb wollen wir uns bem\u00fchen in Leitbild und p\u00e4dagogischer Konzeption des Kindergartens seine p\u00e4dagogischen und weltanschaulichen Grundideen und Grundlagen im Auge zu behalten und in seinem Geiste einflie\u00dfen zu lassen. Hierzu hinterlie\u00df er uns einen Entwurf seiner p\u00e4dagogischen Anschauungen und Ideen. <\/p>\n<p><strong>1. Schwerpunkt: Die Gestaltung der Zeit<\/strong><\/p>\n<p>F\u00fcr Kinder ist ein vertrauter Ablauf von besonderer Bedeutung, weil er ihnen die notwendige Sicherheit und Ordnung gibt, die sie zum Lernen brauchen.<br \/>\nDas Jahr hat seinen festen Rhythmus durch die Jahreszeiten. Die Kinder erleben ihn im Garten des Kindergartens, durch entsprechende Lieder, Fingerspiele, Verse und M\u00e4rchen, durch einen Jahreszeitentisch und die Jahresfeste Fasching, Ostern, Pfingsten, Johanni, Erntedank, Michaeli, St. Martin, die Weihnachtszeit und Drei K\u00f6nige. <\/p>\n<p>Die Tage haben ebenfalls ihren festen Rhythmus: Freispiel, Reigen, Fr\u00fchst\u00fcck, Freispiel drau\u00dfen, Abschlusskreis mit M\u00e4rchen.<br \/>\nIm Reigen erleben die Kinder ein Grundverst\u00e4ndnis im rhythmisch-musikalischen Bereich unter vielf\u00e4ltigen Bewegungsm\u00f6glichkeiten.<br \/>\nSpiele, Lieder, Verse und Handgesten regen die Nachahmungsf\u00e4higkeit der Kinder an und st\u00e4rken die Willensbildung. <\/p>\n<p>Innerhalb des Tagesablaufes erwachsen dem Kind Aufgaben, die es \u00fcbernehmen kann. An jedem Wochentag bereiten wir mit Hilfe der Kinder ein vollwertiges Fr\u00fchst\u00fcck, wozu wir Br\u00f6tchen backen, Frischkornbrei zubereiten, Korn mahlen, Brote bestreichen, usw. Die Kinder k\u00f6nnen sich je nach Alter und Neigung bei der Zubereitung und beim Decken und Abr\u00e4umen des Tisches erproben und ihre Erfahrungen sammeln.<br \/>\nBesondere Angebote wie N\u00e4hen, Sticken, Weben, Filzen, Aquarellmalen und Handwerken mit Holz k\u00f6nnen wahrgenommen werden.<br \/>\nZur Zeit ist unser Team erweitert um eine Teilzeitkraft und einen Praktikanten, was die Erzieherinnen f\u00fcr Vorschulkindarbeit (unter anderem ein Gartenprojekt) nutzen.<\/p>\n<p><strong>2. Schwerpunkt: Die Gestaltung des Umfeldes<\/strong><\/p>\n<p>Das Kind ben\u00f6tigt ein Umfeld, das nicht in funktionale Abh\u00e4ngigkeit dr\u00e4ngt.  Besonders anregend ist deswegen die nat\u00fcrliche Umgebung. Wir versuchen, ein gesundes Gegengewicht in die vorgeformte und technisierte Welt hineinzubringen, in der es f\u00fcr ein Kind schwierig ist, Abl\u00e4ufe zu durchschauen. Ungeformte Spielmaterialien erleichtern es dem Kind, Eigenaktivit\u00e4t zu entwickeln und selbst Sch\u00f6pfer und Gestalter seines Spiels zu sein.<br \/>\nUnser Spielzeug besteht zum Gro\u00dfteil aus einfachen organischen Materialien, z.B. Kastanien, Tannenzapfen, Steinen sowie gro\u00dfen und kleinen T\u00fcchern aus Wolle, Baumwolle und Seide. Sie sollen dem Kind m\u00f6glichst viele verschiedene \u201eechte\u201c Sinneseindr\u00fccke und Tasterfahrungen erm\u00f6glichen.<br \/>\nDurch das Angebot der nat\u00fcrlichen Spielmaterialien im freien Spiel werden in besonderem Ma\u00dfe eigene F\u00e4higkeiten des Kindes erlebt. Mit den anderen Kindern m\u00fcssen Absprachen getroffen und Wege gesucht werden, ein gemeinsames Spiel zu finden. Dadurch erwirbt sich das Kind soziale Kompetenz.<br \/>\nZugleich lernt es, erlebte Grenzen zu akzeptieren und gemeinsam mit den Kindern in der Gruppe und der Erzieherin neu zu ziehen<\/p>\n<p><strong>3. Schwerpunkt: Einbezug der Elternschaft<\/strong><\/p>\n<p>Neben der p\u00e4dagogischen Wichtigkeit, den Eltern des Kindergartens die p\u00e4dagogischen Grunds\u00e4tze zu erkl\u00e4ren, sie somit einzubeziehen und sie eng mit der gelebten P\u00e4dagogik ihrer Kinder im Kindergarten zu verbinden \u2013 wodurch eine \u201eFortbildung\u201c der Elternschaft Wichtigkeit erlangt &#8211; kommt der Elternschaft auch auf organisatorischer Ebene eine besondere Rolle zu:<br \/>\nSie geh\u00f6rt neben dem p\u00e4dagogischen Team und dem Vorstand zu den drei Hauptpfeilern der Kindergartenorganisation. Ohne die Elterngemeinschaft sind ein waldorfp\u00e4dagogischer Kindergarten und ein kleiner Kindergarten in Vereinstr\u00e4gerschaft kaum denkbar.<br \/>\nKindergarten und Verein sind aus einer Elterninitiative heraus entstanden und die Eltern st\u00fctzen und entwickeln den Kindergarten in vielf\u00e4ltigster Weise:<\/p>\n<p>&#8211;\tDie Elternschaft w\u00e4hlt drei bis vier Elternvertreter, die unter anderem die Vorstandsarbeit aktiv unterst\u00fctzen. Sie sind in st\u00e4ndigem Kontakt zum p\u00e4dagogischen Team und zum Vorstand.<br \/>\n&#8211;\tDie Elternschaft trifft sich ca. dreimal im Jahr zu Arbeitseins\u00e4tzen (mit anschlie\u00dfendem Buffet und Zusammensein) um in Garten und Geb\u00e4ude zu wirken.<br \/>\n&#8211;\tWer Lust hat, trifft sich einmal im Monat zum Elterncafe, in dem man Gelegenheit zum Zusammensein, Kl\u00f6nen, Basteln und Werken f\u00fcr den Basar hat.<br \/>\n&#8211;\tDie Elternschaft veranstaltet einmal im Jahr einen Martinsmarkt (Herbst), einen Nachtflohmarkt (Anfang Juni) und initiiert einen Stand f\u00fcr das Julianenparkfest, um den Kindergarten zu unterst\u00fctzen.<\/p>\n","protected":false},"excerpt":{"rendered":"<p>Konzept Allgemeines zur p\u00e4dagogischen Orientierung, zu Ausrichtung und Grunds\u00e4tzen Neben den allgemeinen Grundlagen und Orientierungshilfen, wie sie z.B. in der Rahmenkonzeption f\u00fcr die Kinderg\u00e4rten der Stadt Leer beschrieben sind, setzt unser Kindergarten f\u00fcr seine Arbeit folgende Schwerpunkte: Unser Kindergarten arbeitet &hellip; <a href=\"https:\/\/www.pagels-kindergarten.de\/?page_id=8\">Weiterlesen <span class=\"meta-nav\">&rarr;<\/span><\/a><\/p>\n","protected":false},"author":1,"featured_media":0,"parent":0,"menu_order":0,"comment_status":"closed","ping_status":"closed","template":"","meta":{"ngg_post_thumbnail":0,"footnotes":""},"class_list":["post-8","page","type-page","status-publish","hentry"],"_links":{"self":[{"href":"https:\/\/www.pagels-kindergarten.de\/index.php?rest_route=\/wp\/v2\/pages\/8","targetHints":{"allow":["GET"]}}],"collection":[{"href":"https:\/\/www.pagels-kindergarten.de\/index.php?rest_route=\/wp\/v2\/pages"}],"about":[{"href":"https:\/\/www.pagels-kindergarten.de\/index.php?rest_route=\/wp\/v2\/types\/page"}],"author":[{"embeddable":true,"href":"https:\/\/www.pagels-kindergarten.de\/index.php?rest_route=\/wp\/v2\/users\/1"}],"replies":[{"embeddable":true,"href":"https:\/\/www.pagels-kindergarten.de\/index.php?rest_route=%2Fwp%2Fv2%2Fcomments&post=8"}],"version-history":[{"count":6,"href":"https:\/\/www.pagels-kindergarten.de\/index.php?rest_route=\/wp\/v2\/pages\/8\/revisions"}],"predecessor-version":[{"id":270,"href":"https:\/\/www.pagels-kindergarten.de\/index.php?rest_route=\/wp\/v2\/pages\/8\/revisions\/270"}],"wp:attachment":[{"href":"https:\/\/www.pagels-kindergarten.de\/index.php?rest_route=%2Fwp%2Fv2%2Fmedia&parent=8"}],"curies":[{"name":"wp","href":"https:\/\/api.w.org\/{rel}","templated":true}]}}